{"id":1051,"date":"2021-05-26T11:39:13","date_gmt":"2021-05-26T11:39:13","guid":{"rendered":"https:\/\/mobiladoralentejana.com\/?page_id=1051"},"modified":"2021-05-26T14:45:33","modified_gmt":"2021-05-26T14:45:33","slug":"tapecarias","status":"publish","type":"page","link":"https:\/\/mobiladoralentejana.com\/index.php\/tapecarias\/","title":{"rendered":"Representa\u00e7\u00f5es, tape\u00e7arias"},"content":{"rendered":"\t\t<div data-elementor-type=\"wp-page\" data-elementor-id=\"1051\" class=\"elementor elementor-1051\">\n\t\t\t\t<\/p><div class=\"wp-block-group alignwide\"><div class=\"wp-block-group__inner-container\"><p><\/p><div class=\"wp-block-group\"><div class=\"wp-block-group__inner-container is-layout-flow wp-block-group-is-layout-flow\"><p><\/p><div class=\"wp-block-columns alignwide are-vertically-aligned-center is-layout-flex wp-container-core-columns-is-layout-28f84493 wp-block-columns-is-layout-flex\"><p><\/p><div class=\"wp-block-column is-vertically-aligned-center is-layout-flow wp-block-column-is-layout-flow\"><p><\/p><div class=\"wp-block-image\"><figure class=\"aligncenter size-large\"><a href=\"https:\/\/abysshabidecor.com\/\"><img fetchpriority=\"high\" decoding=\"async\" class=\"aligncenter wp-image-1021 size-large\" src=\"https:\/\/mobiladoralentejana.com\/wp-content\/uploads\/2021\/05\/Abyss-1024x230.png\" alt=\"\" width=\"980\" height=\"220\" srcset=\"https:\/\/mobiladoralentejana.com\/wp-content\/uploads\/2021\/05\/Abyss-1024x230.png 1024w, https:\/\/mobiladoralentejana.com\/wp-content\/uploads\/2021\/05\/Abyss-300x67.png 300w, https:\/\/mobiladoralentejana.com\/wp-content\/uploads\/2021\/05\/Abyss-768x172.png 768w, https:\/\/mobiladoralentejana.com\/wp-content\/uploads\/2021\/05\/Abyss-1536x345.png 1536w, https:\/\/mobiladoralentejana.com\/wp-content\/uploads\/2021\/05\/Abyss-416x93.png 416w, https:\/\/mobiladoralentejana.com\/wp-content\/uploads\/2021\/05\/Abyss.png 2000w\" sizes=\"(max-width: 980px) 100vw, 980px\" \/><\/a><\/figure><\/div><p><\/p><\/div><p><\/p><p><\/p><div class=\"wp-block-column is-vertically-aligned-center is-layout-flow wp-block-column-is-layout-flow\"><p><\/p><div class=\"wp-block-image\"><figure class=\"aligncenter size-large\"><a href=\"https:\/\/www.joquer.com\/\"><img decoding=\"async\" class=\"aligncenter wp-image-1054 size-thumbnail\" src=\"https:\/\/mobiladoralentejana.com\/wp-content\/uploads\/2021\/05\/JOQUER-150x60.jpg\" alt=\"\" width=\"150\" height=\"60\" \/><\/a><\/figure><\/div><p><\/p><\/div><p><\/p><p><\/p><div class=\"wp-block-column is-vertically-aligned-center is-layout-flow wp-block-column-is-layout-flow\"><p><\/p><div class=\"wp-block-image\"><figure class=\"aligncenter size-large\"><a href=\"http:\/\/www.lusotufo.pt\/\"><img decoding=\"async\" class=\"aligncenter wp-image-1055 size-full\" src=\"https:\/\/mobiladoralentejana.com\/wp-content\/uploads\/2021\/05\/Lusotufo.png\" alt=\"\" width=\"172\" height=\"52\" \/><\/a><\/figure><\/div><p><\/p><\/div><p><\/p><p><\/p><div class=\"wp-block-column is-vertically-aligned-center is-layout-flow wp-block-column-is-layout-flow\"><p><\/p><div class=\"wp-block-image\"><figure class=\"aligncenter size-large\"><a href=\"http:\/\/masalgueiro.com\/\"><img loading=\"lazy\" decoding=\"async\" class=\"aligncenter wp-image-1056 size-full\" src=\"https:\/\/mobiladoralentejana.com\/wp-content\/uploads\/2021\/05\/MASalgueiro.png\" alt=\"\" width=\"57\" height=\"72\" \/><\/a><\/figure><\/div><p><\/p><\/div><p><\/p><p><\/p><div class=\"wp-block-column is-vertically-aligned-center is-layout-flow wp-block-column-is-layout-flow\"><p><\/p><figure class=\"wp-block-image size-large\"><a href=\"http:\/\/www.oat.pt\/\"><img loading=\"lazy\" decoding=\"async\" class=\"aligncenter wp-image-1057 size-thumbnail\" src=\"https:\/\/mobiladoralentejana.com\/wp-content\/uploads\/2021\/05\/O.A.T.-150x150.png\" alt=\"\" width=\"150\" height=\"150\" srcset=\"https:\/\/mobiladoralentejana.com\/wp-content\/uploads\/2021\/05\/O.A.T.-150x150.png 150w, https:\/\/mobiladoralentejana.com\/wp-content\/uploads\/2021\/05\/O.A.T..png 300w, https:\/\/mobiladoralentejana.com\/wp-content\/uploads\/2021\/05\/O.A.T.-100x100.png 100w\" sizes=\"(max-width: 150px) 100vw, 150px\" \/><\/a><\/figure><\/div><\/div><p><\/p><\/div><\/div><p><\/p><\/div><\/div><p><\/p><p><\/p><p><\/p>\t\t\t\t\t\t\t\t<\/div>\n\t\t\t\t<\/div>\n\t\t\t\t\t<\/div>\n\t\t<\/div>\n\t\t\t\t\t<\/div>\n\t\t<\/section>\n\t\t\t\t<section class=\"elementor-section elementor-top-section elementor-element elementor-element-3da527ef elementor-section-boxed elementor-section-height-default elementor-section-height-default\" data-id=\"3da527ef\" data-element_type=\"section\" data-e-type=\"section\">\n\t\t\t\t\t\t<div class=\"elementor-container elementor-column-gap-default\">\n\t\t\t\t\t<div class=\"elementor-column elementor-col-100 elementor-top-column elementor-element elementor-element-425aa155\" data-id=\"425aa155\" data-element_type=\"column\" data-e-type=\"column\">\n\t\t\t<div class=\"elementor-widget-wrap elementor-element-populated\">\n\t\t\t\t\t\t<div class=\"elementor-element elementor-element-d453de0 elementor-widget elementor-widget-text-editor\" data-id=\"d453de0\" data-element_type=\"widget\" data-e-type=\"widget\" data-widget_type=\"text-editor.default\">\n\t\t\t\t<div class=\"elementor-widget-container\">\n\t\t\t\t\t\t\t\t\t<p><\/p><div class=\"wp-block-group alignwide\"><div class=\"wp-block-group__inner-container is-layout-flow wp-block-group-is-layout-flow\"><p><!-- wp:group --><\/p><div class=\"wp-block-group\"><div class=\"wp-block-group__inner-container\"><p><!-- wp:columns {\"verticalAlignment\":\"center\",\"align\":\"wide\"} --><\/p><div class=\"wp-block-columns alignwide are-vertically-aligned-center\"><p><!-- wp:column {\"verticalAlignment\":\"center\"} --><\/p><div class=\"wp-block-column is-vertically-aligned-center\"><p><!-- wp:image {\"align\":\"center\",\"id\":225,\"sizeSlug\":\"large\",\"linkDestination\":\"none\"} --><\/p><div class=\"wp-block-image\"><figure class=\"aligncenter size-large\"><a href=\"https:\/\/abysshabidecor.com\/\"><img fetchpriority=\"high\" decoding=\"async\" class=\"aligncenter wp-image-1021 size-large\" src=\"https:\/\/mobiladoralentejana.com\/wp-content\/uploads\/2021\/05\/Abyss-1024x230.png\" alt=\"\" width=\"980\" height=\"220\" srcset=\"https:\/\/mobiladoralentejana.com\/wp-content\/uploads\/2021\/05\/Abyss-1024x230.png 1024w, https:\/\/mobiladoralentejana.com\/wp-content\/uploads\/2021\/05\/Abyss-300x67.png 300w, https:\/\/mobiladoralentejana.com\/wp-content\/uploads\/2021\/05\/Abyss-768x172.png 768w, https:\/\/mobiladoralentejana.com\/wp-content\/uploads\/2021\/05\/Abyss-1536x345.png 1536w, https:\/\/mobiladoralentejana.com\/wp-content\/uploads\/2021\/05\/Abyss-416x93.png 416w, https:\/\/mobiladoralentejana.com\/wp-content\/uploads\/2021\/05\/Abyss.png 2000w\" sizes=\"(max-width: 980px) 100vw, 980px\" \/><\/a><\/figure><\/div><p><!-- \/wp:image --><\/p><\/div><p><!-- \/wp:column --><\/p><p><!-- wp:column {\"verticalAlignment\":\"center\"} --><\/p><div class=\"wp-block-column is-vertically-aligned-center\"><p><!-- wp:image {\"align\":\"center\",\"id\":226,\"sizeSlug\":\"large\",\"linkDestination\":\"none\"} --><\/p><div class=\"wp-block-image\"><figure class=\"aligncenter size-large\"><a href=\"https:\/\/www.joquer.com\/\"><img decoding=\"async\" class=\"aligncenter wp-image-1054 size-thumbnail\" src=\"https:\/\/mobiladoralentejana.com\/wp-content\/uploads\/2021\/05\/JOQUER-150x60.jpg\" alt=\"\" width=\"150\" height=\"60\" \/><\/a><\/figure><\/div><p><!-- \/wp:image --><\/p><\/div><p><!-- \/wp:column --><\/p><p><!-- wp:column {\"verticalAlignment\":\"center\"} --><\/p><div class=\"wp-block-column is-vertically-aligned-center\"><p><!-- wp:image {\"align\":\"center\",\"id\":227,\"sizeSlug\":\"large\",\"linkDestination\":\"none\"} --><\/p><div class=\"wp-block-image\"><figure class=\"aligncenter size-large\"><a href=\"http:\/\/www.lusotufo.pt\/\"><img decoding=\"async\" class=\"aligncenter wp-image-1055 size-full\" src=\"https:\/\/mobiladoralentejana.com\/wp-content\/uploads\/2021\/05\/Lusotufo.png\" alt=\"\" width=\"172\" height=\"52\" \/><\/a><\/figure><\/div><p><!-- \/wp:image --><\/p><\/div><p><!-- \/wp:column --><\/p><p><!-- wp:column {\"verticalAlignment\":\"center\"} --><\/p><div class=\"wp-block-column is-vertically-aligned-center\"><p><!-- wp:image {\"align\":\"center\",\"id\":228,\"sizeSlug\":\"large\",\"linkDestination\":\"none\"} --><\/p><div class=\"wp-block-image\"><figure class=\"aligncenter size-large\"><a href=\"http:\/\/masalgueiro.com\/\"><img loading=\"lazy\" decoding=\"async\" class=\"aligncenter wp-image-1056 size-full\" src=\"https:\/\/mobiladoralentejana.com\/wp-content\/uploads\/2021\/05\/MASalgueiro.png\" alt=\"\" width=\"57\" height=\"72\" \/><\/a><\/figure><\/div><p><!-- \/wp:image --><\/p><\/div><p><!-- \/wp:column --><\/p><p><!-- wp:column {\"verticalAlignment\":\"center\"} --><\/p><div class=\"wp-block-column is-vertically-aligned-center\"><p><!-- wp:image {\"id\":229,\"sizeSlug\":\"large\",\"linkDestination\":\"none\"} --><\/p><figure class=\"wp-block-image size-large\"><a href=\"http:\/\/www.oat.pt\/\"><img loading=\"lazy\" decoding=\"async\" class=\"aligncenter wp-image-1057 size-thumbnail\" src=\"https:\/\/mobiladoralentejana.com\/wp-content\/uploads\/2021\/05\/O.A.T.-150x150.png\" alt=\"\" width=\"150\" height=\"150\" srcset=\"https:\/\/mobiladoralentejana.com\/wp-content\/uploads\/2021\/05\/O.A.T.-150x150.png 150w, https:\/\/mobiladoralentejana.com\/wp-content\/uploads\/2021\/05\/O.A.T..png 300w, https:\/\/mobiladoralentejana.com\/wp-content\/uploads\/2021\/05\/O.A.T.-100x100.png 100w\" sizes=\"(max-width: 150px) 100vw, 150px\" \/><\/a><\/figure><\/div><\/div><p><!-- \/wp:columns --><\/p><\/div><\/div><p><!-- \/wp:group --><\/p><\/div><\/div><p><!-- \/wp:group --><\/p><p><!-- wp:paragraph --><\/p><p><!-- \/wp:paragraph --><\/p>\t\t\t\t\t\t\t\t<\/div>\n\t\t\t\t<\/div>\n\t\t\t\t\t<\/div>\n\t\t<\/div>\n\t\t\t\t\t<\/div>\n\t\t<\/section>\n\t\t\t\t<\/div>\n\t\t","protected":false},"excerpt":{"rendered":"","protected":false},"author":1,"featured_media":0,"parent":0,"menu_order":0,"comment_status":"closed","ping_status":"closed","template":"","meta":{"footnotes":""},"class_list":["post-1051","page","type-page","status-publish","hentry"],"jetpack_sharing_enabled":true,"_links":{"self":[{"href":"https:\/\/mobiladoralentejana.com\/index.php\/wp-json\/wp\/v2\/pages\/1051","targetHints":{"allow":["GET"]}}],"collection":[{"href":"https:\/\/mobiladoralentejana.com\/index.php\/wp-json\/wp\/v2\/pages"}],"about":[{"href":"https:\/\/mobiladoralentejana.com\/index.php\/wp-json\/wp\/v2\/types\/page"}],"author":[{"embeddable":true,"href":"https:\/\/mobiladoralentejana.com\/index.php\/wp-json\/wp\/v2\/users\/1"}],"replies":[{"embeddable":true,"href":"https:\/\/mobiladoralentejana.com\/index.php\/wp-json\/wp\/v2\/comments?post=1051"}],"version-history":[{"count":4,"href":"https:\/\/mobiladoralentejana.com\/index.php\/wp-json\/wp\/v2\/pages\/1051\/revisions"}],"predecessor-version":[{"id":1060,"href":"https:\/\/mobiladoralentejana.com\/index.php\/wp-json\/wp\/v2\/pages\/1051\/revisions\/1060"}],"wp:attachment":[{"href":"https:\/\/mobiladoralentejana.com\/index.php\/wp-json\/wp\/v2\/media?parent=1051"}],"curies":[{"name":"wp","href":"https:\/\/api.w.org\/{rel}","templated":true}]}}