{"id":1083,"date":"2021-05-26T15:24:19","date_gmt":"2021-05-26T15:24:19","guid":{"rendered":"https:\/\/mobiladoralentejana.com\/?page_id=1083"},"modified":"2022-08-13T17:53:33","modified_gmt":"2022-08-13T17:53:33","slug":"iluminacao","status":"publish","type":"page","link":"https:\/\/mobiladoralentejana.com\/index.php\/iluminacao\/","title":{"rendered":"Representa\u00e7\u00f5es, ilumina\u00e7\u00e3o"},"content":{"rendered":"\t\t<div data-elementor-type=\"wp-page\" data-elementor-id=\"1083\" class=\"elementor elementor-1083\">\n\t\t\t\t<\/p>\n<div class=\"wp-block-group alignwide\">\n<div class=\"wp-block-group__inner-container\">\n<p><\/p>\n<div class=\"wp-block-group\"><div class=\"wp-block-group__inner-container\">\n<div class=\"wp-block-group__inner-container is-layout-flow wp-block-group-is-layout-flow\">\n<p><\/p>\n<div class=\"wp-block-columns alignwide are-vertically-aligned-center is-layout-flex wp-container-core-columns-is-layout-28f84493 wp-block-columns-is-layout-flex\">\n<p><\/p>\n<div class=\"wp-block-column is-vertically-aligned-center is-layout-flow wp-block-column-is-layout-flow\">\n<p><\/p>\n<div class=\"wp-block-image\">\n<figure class=\"aligncenter size-large\"><a href=\"https:\/\/www.carpyen.com\/\"><img decoding=\"async\" class=\"aligncenter wp-image-1544 size-full\" src=\"https:\/\/mobiladoralentejana.com\/wp-content\/uploads\/2022\/08\/Carpyen.png\" alt=\"\" width=\"161\" height=\"42\" \/><\/a>\u00a0<\/figure>\n<\/div>\n<\/div>\n<div class=\"wp-block-column is-vertically-aligned-center\">\n<div class=\"wp-block-image\">\n<figure class=\"aligncenter size-large\"><\/figure>\n<figure class=\"aligncenter size-large\">\u00a0<a href=\"https:\/\/www.vibia.com\/\"><img decoding=\"async\" class=\"aligncenter wp-image-1092 size-full\" src=\"https:\/\/mobiladoralentejana.com\/wp-content\/uploads\/2021\/05\/vibia-2.png\" alt=\"\" width=\"143\" height=\"45\" \/><\/a><\/figure>\n<figure><\/figure>\n<figure class=\"aligncenter size-large\">\u00a0<\/figure>\n<\/div>\n<\/div>\n<div class=\"wp-block-column is-vertically-aligned-center\">\n<div class=\"wp-block-image\">\n<p><a href=\"https:\/\/www.wofi.de\/\"><img decoding=\"async\" class=\"aligncenter wp-image-1539\" src=\"https:\/\/mobiladoralentejana.com\/wp-content\/uploads\/2022\/08\/wofi.png\" alt=\"\" width=\"125\" height=\"41\" \/><\/a><\/p>\n<\/div>\n<\/div>\n<div class=\"wp-block-column is-vertically-aligned-center\">\n<div class=\"wp-block-image\">\n<p><br \/>\u00a0<img loading=\"lazy\" decoding=\"async\" class=\"aligncenter wp-image-1540\" src=\"https:\/\/mobiladoralentejana.com\/wp-content\/uploads\/2022\/08\/logo-eskriss-e1660315405515.jpg\" alt=\"\" width=\"150\" height=\"47\" \/><\/p>\n<p>\u00a0\u00a0<\/p>\n<\/div>\n<\/div>\n<div class=\"wp-block-column is-vertically-aligned-center\">\n<div class=\"wp-block-image\">\n<p><img loading=\"lazy\" decoding=\"async\" class=\"aligncenter wp-image-1542 size-medium\" src=\"https:\/\/mobiladoralentejana.com\/wp-content\/uploads\/2022\/08\/LOGO-ONDALUCE-nero_1-1-300x31.png\" alt=\"\" width=\"300\" height=\"31\" srcset=\"https:\/\/mobiladoralentejana.com\/wp-content\/uploads\/2022\/08\/LOGO-ONDALUCE-nero_1-1-300x31.png 300w, https:\/\/mobiladoralentejana.com\/wp-content\/uploads\/2022\/08\/LOGO-ONDALUCE-nero_1-1-416x43.png 416w, https:\/\/mobiladoralentejana.com\/wp-content\/uploads\/2022\/08\/LOGO-ONDALUCE-nero_1-1.png 469w\" sizes=\"(max-width: 300px) 100vw, 300px\" \/><\/p>\n<\/div>\n<\/div>\n<\/div>\n<p><\/p>\n<\/div>\n<\/div>\n<p><\/p>\n<\/div>\n<\/div>\n<p><\/p>\n<p><\/p>\n<p><\/p>\t\t\t\t\t\t\t\t<\/div>\n\t\t\t\t<\/div>\n\t\t\t\t\t<\/div>\n\t\t<\/div>\n\t\t\t\t\t<\/div><\/div>\n\t\t<\/section>\n\t\t\t\t<section class=\"elementor-section elementor-top-section elementor-element elementor-element-3c035b8e elementor-section-boxed elementor-section-height-default elementor-section-height-default\" data-id=\"3c035b8e\" data-element_type=\"section\" data-e-type=\"section\">\n\t\t\t\t\t\t<div class=\"elementor-container elementor-column-gap-default\">\n\t\t\t\t\t<div class=\"elementor-column elementor-col-100 elementor-top-column elementor-element elementor-element-b53cbbc\" data-id=\"b53cbbc\" data-element_type=\"column\" data-e-type=\"column\">\n\t\t\t<div class=\"elementor-widget-wrap elementor-element-populated\">\n\t\t\t\t\t\t<div class=\"elementor-element elementor-element-4cd45b54 elementor-widget elementor-widget-text-editor\" data-id=\"4cd45b54\" data-element_type=\"widget\" data-e-type=\"widget\" data-widget_type=\"text-editor.default\">\n\t\t\t\t<div class=\"elementor-widget-container\">\n\t\t\t\t\t\t\t\t\t<p><\/p>\n<div class=\"wp-block-group alignwide\"><div class=\"wp-block-group__inner-container is-layout-flow wp-block-group-is-layout-flow\">\n<div class=\"wp-block-group__inner-container\">\n<p><!-- wp:group --><\/p>\n<div class=\"wp-block-group\">\n<div class=\"wp-block-group__inner-container\">\n<p><!-- wp:columns {\"verticalAlignment\":\"center\",\"align\":\"wide\"} --><\/p>\n<div class=\"wp-block-columns alignwide are-vertically-aligned-center\">\n<p><!-- wp:column {\"verticalAlignment\":\"center\"} --><\/p>\n<div class=\"wp-block-column is-vertically-aligned-center\">\n<p><!-- wp:image {\"align\":\"center\",\"id\":225,\"sizeSlug\":\"large\",\"linkDestination\":\"none\"} --><\/p>\n<div class=\"wp-block-image\">\n<figure class=\"aligncenter size-large\"><a href=\"https:\/\/www.carpyen.com\/\"><img decoding=\"async\" class=\"aligncenter wp-image-1544 size-full\" src=\"https:\/\/mobiladoralentejana.com\/wp-content\/uploads\/2022\/08\/Carpyen.png\" alt=\"\" width=\"161\" height=\"42\" \/><\/a>\u00a0<\/figure>\n<\/div>\n<\/div>\n<div class=\"wp-block-column is-vertically-aligned-center\">\n<div class=\"wp-block-image\">\n<figure class=\"aligncenter size-large\"><\/figure>\n<figure class=\"aligncenter size-large\">\u00a0<a href=\"https:\/\/www.vibia.com\/\"><img decoding=\"async\" class=\"aligncenter wp-image-1092 size-full\" src=\"https:\/\/mobiladoralentejana.com\/wp-content\/uploads\/2021\/05\/vibia-2.png\" alt=\"\" width=\"143\" height=\"45\" \/><\/a><\/figure>\n<figure><\/figure>\n<figure class=\"aligncenter size-large\">\u00a0<\/figure>\n<\/div>\n<\/div>\n<div class=\"wp-block-column is-vertically-aligned-center\">\n<div class=\"wp-block-image\">\n<p><a href=\"https:\/\/www.wofi.de\/\"><img decoding=\"async\" class=\"aligncenter wp-image-1539\" src=\"https:\/\/mobiladoralentejana.com\/wp-content\/uploads\/2022\/08\/wofi.png\" alt=\"\" width=\"125\" height=\"41\" \/><\/a><\/p>\n<\/div>\n<\/div>\n<div class=\"wp-block-column is-vertically-aligned-center\">\n<div class=\"wp-block-image\">\n<p><br \/>\u00a0<img loading=\"lazy\" decoding=\"async\" class=\"aligncenter wp-image-1540\" src=\"https:\/\/mobiladoralentejana.com\/wp-content\/uploads\/2022\/08\/logo-eskriss-e1660315405515.jpg\" alt=\"\" width=\"150\" height=\"47\" \/><\/p>\n<p>\u00a0\u00a0<\/p>\n<\/div>\n<\/div>\n<div class=\"wp-block-column is-vertically-aligned-center\">\n<div class=\"wp-block-image\">\n<p><img loading=\"lazy\" decoding=\"async\" class=\"aligncenter wp-image-1542 size-medium\" src=\"https:\/\/mobiladoralentejana.com\/wp-content\/uploads\/2022\/08\/LOGO-ONDALUCE-nero_1-1-300x31.png\" alt=\"\" width=\"300\" height=\"31\" srcset=\"https:\/\/mobiladoralentejana.com\/wp-content\/uploads\/2022\/08\/LOGO-ONDALUCE-nero_1-1-300x31.png 300w, https:\/\/mobiladoralentejana.com\/wp-content\/uploads\/2022\/08\/LOGO-ONDALUCE-nero_1-1-416x43.png 416w, https:\/\/mobiladoralentejana.com\/wp-content\/uploads\/2022\/08\/LOGO-ONDALUCE-nero_1-1.png 469w\" sizes=\"(max-width: 300px) 100vw, 300px\" \/><\/p>\n<\/div>\n<\/div>\n<\/div>\n<p><!-- \/wp:columns --><\/p>\n<\/div>\n<\/div>\n<p><!-- \/wp:group --><\/p>\n<\/div>\n<\/div>\n<p><!-- \/wp:group --><\/p>\n<p><!-- wp:paragraph --><\/p>\n<p><!-- \/wp:paragraph --><\/p>\t\t\t\t\t\t\t\t<\/div>\n\t\t\t\t<\/div>\n\t\t\t\t\t<\/div>\n\t\t<\/div>\n\t\t\t\t\t<\/div><\/div>\n\t\t<\/section>\n\t\t\t\t<\/div>\n\t\t","protected":false},"excerpt":{"rendered":"<p>\u00a0 \u00a0 \u00a0 \u00a0 \u00a0\u00a0<\/p>\n","protected":false},"author":1,"featured_media":0,"parent":0,"menu_order":0,"comment_status":"closed","ping_status":"closed","template":"","meta":{"footnotes":""},"class_list":["post-1083","page","type-page","status-publish","hentry"],"jetpack_sharing_enabled":true,"_links":{"self":[{"href":"https:\/\/mobiladoralentejana.com\/index.php\/wp-json\/wp\/v2\/pages\/1083","targetHints":{"allow":["GET"]}}],"collection":[{"href":"https:\/\/mobiladoralentejana.com\/index.php\/wp-json\/wp\/v2\/pages"}],"about":[{"href":"https:\/\/mobiladoralentejana.com\/index.php\/wp-json\/wp\/v2\/types\/page"}],"author":[{"embeddable":true,"href":"https:\/\/mobiladoralentejana.com\/index.php\/wp-json\/wp\/v2\/users\/1"}],"replies":[{"embeddable":true,"href":"https:\/\/mobiladoralentejana.com\/index.php\/wp-json\/wp\/v2\/comments?post=1083"}],"version-history":[{"count":19,"href":"https:\/\/mobiladoralentejana.com\/index.php\/wp-json\/wp\/v2\/pages\/1083\/revisions"}],"predecessor-version":[{"id":1638,"href":"https:\/\/mobiladoralentejana.com\/index.php\/wp-json\/wp\/v2\/pages\/1083\/revisions\/1638"}],"wp:attachment":[{"href":"https:\/\/mobiladoralentejana.com\/index.php\/wp-json\/wp\/v2\/media?parent=1083"}],"curies":[{"name":"wp","href":"https:\/\/api.w.org\/{rel}","templated":true}]}}