{"id":1453,"date":"2022-08-11T15:46:27","date_gmt":"2022-08-11T15:46:27","guid":{"rendered":"https:\/\/mobiladoralentejana.com\/?page_id=1453"},"modified":"2022-08-12T16:55:54","modified_gmt":"2022-08-12T16:55:54","slug":"eletrodomesticos","status":"publish","type":"page","link":"https:\/\/mobiladoralentejana.com\/index.php\/eletrodomesticos\/","title":{"rendered":"Representa\u00e7\u00f5es, eletrodom\u00e9sticos"},"content":{"rendered":"\t\t<div data-elementor-type=\"wp-page\" data-elementor-id=\"1453\" class=\"elementor elementor-1453\">\n\t\t\t\t\t\t<section class=\"elementor-section elementor-top-section elementor-element elementor-element-600c0514 elementor-section-boxed elementor-section-height-default elementor-section-height-default\" data-id=\"600c0514\" data-element_type=\"section\" data-e-type=\"section\">\n\t\t\t\t\t\t<div class=\"elementor-container elementor-column-gap-default\">\n\t\t\t\t\t<div class=\"elementor-column elementor-col-100 elementor-top-column elementor-element elementor-element-1770a1b1\" data-id=\"1770a1b1\" data-element_type=\"column\" data-e-type=\"column\">\n\t\t\t<div class=\"elementor-widget-wrap elementor-element-populated\">\n\t\t\t\t\t\t<div class=\"elementor-element elementor-element-31c5675 elementor-widget elementor-widget-text-editor\" data-id=\"31c5675\" data-element_type=\"widget\" data-e-type=\"widget\" data-widget_type=\"text-editor.default\">\n\t\t\t\t<div class=\"elementor-widget-container\">\n\t\t\t\t\t\t\t\t\t<p><\/p>\n<div class=\"wp-block-group alignwide\"><div class=\"wp-block-group__inner-container\">\n<div class=\"wp-block-group__inner-container is-layout-flow wp-block-group-is-layout-flow\">\n<p><\/p>\n<div class=\"wp-block-group\"><div class=\"wp-block-group__inner-container\">\n<div class=\"wp-block-group__inner-container is-layout-flow wp-block-group-is-layout-flow\">\n<p><\/p>\n<div class=\"wp-block-columns alignwide are-vertically-aligned-center is-layout-flex wp-container-core-columns-is-layout-28f84493 wp-block-columns-is-layout-flex\">\n<div class=\"wp-block-column is-vertically-aligned-center\">\n<div class=\"wp-block-image\"><a href=\"https:\/\/www.teka.com\/pt-pt\/\"><img decoding=\"async\" class=\"wp-image-1047 size-full aligncenter\" src=\"https:\/\/mobiladoralentejana.com\/wp-content\/uploads\/2021\/05\/TEKA.jpg\" alt=\"\" width=\"110\" height=\"71\" \/><\/a><\/div>\n<\/div>\n<div class=\"wp-block-column is-vertically-aligned-center\" style=\"text-align: center;\">\n<div class=\"wp-block-image\">\n<figure class=\"aligncenter size-large\"><a href=\"https:\/\/www.franke.com\/pt\/pt\/hs.html\"><img decoding=\"async\" class=\"alignnone wp-image-1465 \" src=\"https:\/\/mobiladoralentejana.com\/wp-content\/uploads\/2022\/08\/Franke-1.jpg\" alt=\"\" width=\"179\" height=\"58\" \/><\/a><\/figure>\n<\/div>\n<\/div>\n<div class=\"wp-block-column is-vertically-aligned-center\" style=\"text-align: center;\">\n<div class=\"wp-block-image\">\n<p style=\"text-align: center;\"><a href=\"https:\/\/pando.es\/\"><img decoding=\"async\" class=\"aligncenter wp-image-1468 size-full\" src=\"https:\/\/mobiladoralentejana.com\/wp-content\/uploads\/2022\/08\/logo-Pando-2.png\" alt=\"\" width=\"150\" height=\"75\" \/><\/a><\/p>\n<\/div>\n<\/div>\n<\/div>\n<div class=\"wp-block-columns alignwide are-vertically-aligned-center\" style=\"text-align: center;\"><a href=\"https:\/\/www.candy-home.com\/pt_PT\/\"><img loading=\"lazy\" decoding=\"async\" class=\"wp-image-1044 alignleft\" src=\"https:\/\/mobiladoralentejana.com\/wp-content\/uploads\/2021\/05\/CANDY.jpg\" alt=\"\" width=\"141\" height=\"101\" \/><\/a><\/div>\n<div style=\"text-align: center;\">\u00a0<\/div>\n<p><\/p>\n<\/div>\n<\/div><\/div>\n<p><\/p>\n<\/div>\n<\/div><\/div>\n<p><\/p>\n<p><\/p>\n<p><\/p>\t\t\t\t\t\t\t\t<\/div>\n\t\t\t\t<\/div>\n\t\t\t\t\t<\/div>\n\t\t<\/div>\n\t\t\t\t\t<\/div>\n\t\t<\/section>\n\t\t\t\t<\/div>\n\t\t","protected":false},"excerpt":{"rendered":"<p>\u00a0<\/p>\n","protected":false},"author":1,"featured_media":0,"parent":0,"menu_order":0,"comment_status":"closed","ping_status":"closed","template":"","meta":{"footnotes":""},"class_list":["post-1453","page","type-page","status-publish","hentry"],"jetpack_sharing_enabled":true,"_links":{"self":[{"href":"https:\/\/mobiladoralentejana.com\/index.php\/wp-json\/wp\/v2\/pages\/1453","targetHints":{"allow":["GET"]}}],"collection":[{"href":"https:\/\/mobiladoralentejana.com\/index.php\/wp-json\/wp\/v2\/pages"}],"about":[{"href":"https:\/\/mobiladoralentejana.com\/index.php\/wp-json\/wp\/v2\/types\/page"}],"author":[{"embeddable":true,"href":"https:\/\/mobiladoralentejana.com\/index.php\/wp-json\/wp\/v2\/users\/1"}],"replies":[{"embeddable":true,"href":"https:\/\/mobiladoralentejana.com\/index.php\/wp-json\/wp\/v2\/comments?post=1453"}],"version-history":[{"count":12,"href":"https:\/\/mobiladoralentejana.com\/index.php\/wp-json\/wp\/v2\/pages\/1453\/revisions"}],"predecessor-version":[{"id":1576,"href":"https:\/\/mobiladoralentejana.com\/index.php\/wp-json\/wp\/v2\/pages\/1453\/revisions\/1576"}],"wp:attachment":[{"href":"https:\/\/mobiladoralentejana.com\/index.php\/wp-json\/wp\/v2\/media?parent=1453"}],"curies":[{"name":"wp","href":"https:\/\/api.w.org\/{rel}","templated":true}]}}