{"id":261,"date":"2021-02-08T23:49:33","date_gmt":"2021-02-08T23:49:33","guid":{"rendered":"https:\/\/mobiladoralentejana.com\/?page_id=261"},"modified":"2022-08-11T16:17:28","modified_gmt":"2022-08-11T16:17:28","slug":"representacoes","status":"publish","type":"page","link":"https:\/\/mobiladoralentejana.com\/index.php\/representacoes\/","title":{"rendered":"Representa\u00e7\u00f5es"},"content":{"rendered":"\t\t<div data-elementor-type=\"wp-page\" data-elementor-id=\"261\" class=\"elementor elementor-261\">\n\t\t\t\t\t\t<section class=\"elementor-section elementor-top-section elementor-element elementor-element-dda3721 elementor-section-boxed elementor-section-height-default elementor-section-height-default\" data-id=\"dda3721\" data-element_type=\"section\" data-e-type=\"section\">\n\t\t\t\t\t\t<div class=\"elementor-container elementor-column-gap-default\">\n\t\t\t\t\t<div class=\"elementor-column elementor-col-25 elementor-top-column elementor-element elementor-element-7655789\" data-id=\"7655789\" data-element_type=\"column\" data-e-type=\"column\">\n\t\t\t<div class=\"elementor-widget-wrap elementor-element-populated\">\n\t\t\t\t\t\t<div class=\"elementor-element elementor-element-3ed1227 elementor-widget elementor-widget-image\" data-id=\"3ed1227\" data-element_type=\"widget\" data-e-type=\"widget\" data-widget_type=\"image.default\">\n\t\t\t\t<div class=\"elementor-widget-container\">\n\t\t\t\t\t\t\t\t\t\t\t\t<figure class=\"wp-caption\">\n\t\t\t\t\t\t\t\t\t\t\t<a href=\"https:\/\/mobiladoralentejana.com\/index.php\/mobiliario\/\">\n\t\t\t\t\t\t\t<img fetchpriority=\"high\" decoding=\"async\" width=\"480\" height=\"480\" src=\"https:\/\/mobiladoralentejana.com\/wp-content\/uploads\/2021\/02\/Mobiliario-Small-1.jpg\" class=\"attachment-medium_large size-medium_large wp-image-459\" alt=\"Mobili\u00e1rio\" srcset=\"https:\/\/mobiladoralentejana.com\/wp-content\/uploads\/2021\/02\/Mobiliario-Small-1.jpg 480w, https:\/\/mobiladoralentejana.com\/wp-content\/uploads\/2021\/02\/Mobiliario-Small-1-324x324.jpg 324w, https:\/\/mobiladoralentejana.com\/wp-content\/uploads\/2021\/02\/Mobiliario-Small-1-100x100.jpg 100w, https:\/\/mobiladoralentejana.com\/wp-content\/uploads\/2021\/02\/Mobiliario-Small-1-416x416.jpg 416w, https:\/\/mobiladoralentejana.com\/wp-content\/uploads\/2021\/02\/Mobiliario-Small-1-300x300.jpg 300w, https:\/\/mobiladoralentejana.com\/wp-content\/uploads\/2021\/02\/Mobiliario-Small-1-150x150.jpg 150w\" sizes=\"(max-width: 480px) 100vw, 480px\" \/>\t\t\t\t\t\t\t\t<\/a>\n\t\t\t\t\t\t\t\t\t\t\t<figcaption class=\"widget-image-caption wp-caption-text\">Mobili\u00e1rio<\/figcaption>\n\t\t\t\t\t\t\t\t\t\t<\/figure>\n\t\t\t\t\t\t\t\t\t<\/div>\n\t\t\t\t<\/div>\n\t\t\t\t\t<\/div>\n\t\t<\/div>\n\t\t\t\t<div class=\"elementor-column elementor-col-25 elementor-top-column elementor-element elementor-element-7e48771\" data-id=\"7e48771\" data-element_type=\"column\" data-e-type=\"column\">\n\t\t\t<div class=\"elementor-widget-wrap elementor-element-populated\">\n\t\t\t\t\t\t<div class=\"elementor-element elementor-element-0c4cd17 elementor-widget elementor-widget-image\" data-id=\"0c4cd17\" data-element_type=\"widget\" data-e-type=\"widget\" data-widget_type=\"image.default\">\n\t\t\t\t<div class=\"elementor-widget-container\">\n\t\t\t\t\t\t\t\t\t\t\t\t<figure class=\"wp-caption\">\n\t\t\t\t\t\t\t\t\t\t\t<a href=\"https:\/\/mobiladoralentejana.com\/index.php\/estofos\/\">\n\t\t\t\t\t\t\t<img decoding=\"async\" width=\"737\" height=\"480\" src=\"https:\/\/mobiladoralentejana.com\/wp-content\/uploads\/2021\/02\/Sofa-Small.jpg\" class=\"attachment-medium_large size-medium_large wp-image-423\" alt=\"Estofos\" srcset=\"https:\/\/mobiladoralentejana.com\/wp-content\/uploads\/2021\/02\/Sofa-Small.jpg 737w, https:\/\/mobiladoralentejana.com\/wp-content\/uploads\/2021\/02\/Sofa-Small-416x271.jpg 416w, https:\/\/mobiladoralentejana.com\/wp-content\/uploads\/2021\/02\/Sofa-Small-300x195.jpg 300w\" sizes=\"(max-width: 737px) 100vw, 737px\" \/>\t\t\t\t\t\t\t\t<\/a>\n\t\t\t\t\t\t\t\t\t\t\t<figcaption class=\"widget-image-caption wp-caption-text\">Estofos<\/figcaption>\n\t\t\t\t\t\t\t\t\t\t<\/figure>\n\t\t\t\t\t\t\t\t\t<\/div>\n\t\t\t\t<\/div>\n\t\t\t\t\t<\/div>\n\t\t<\/div>\n\t\t\t\t<div class=\"elementor-column elementor-col-25 elementor-top-column elementor-element elementor-element-33cc8f4\" data-id=\"33cc8f4\" data-element_type=\"column\" data-e-type=\"column\">\n\t\t\t<div class=\"elementor-widget-wrap elementor-element-populated\">\n\t\t\t\t\t\t<div class=\"elementor-element elementor-element-ceb79b8 elementor-widget elementor-widget-image\" data-id=\"ceb79b8\" data-element_type=\"widget\" data-e-type=\"widget\" data-widget_type=\"image.default\">\n\t\t\t\t<div class=\"elementor-widget-container\">\n\t\t\t\t\t\t\t\t\t\t\t\t<figure class=\"wp-caption\">\n\t\t\t\t\t\t\t\t\t\t\t<a href=\"https:\/\/mobiladoralentejana.com\/index.php\/colchoes\/\">\n\t\t\t\t\t\t\t<img decoding=\"async\" width=\"768\" height=\"430\" src=\"https:\/\/mobiladoralentejana.com\/wp-content\/uploads\/2021\/02\/colchao-Small-768x430.jpg\" class=\"attachment-medium_large size-medium_large wp-image-424\" alt=\"Colch\u00f5es\" srcset=\"https:\/\/mobiladoralentejana.com\/wp-content\/uploads\/2021\/02\/colchao-Small-768x430.jpg 768w, https:\/\/mobiladoralentejana.com\/wp-content\/uploads\/2021\/02\/colchao-Small-416x233.jpg 416w, https:\/\/mobiladoralentejana.com\/wp-content\/uploads\/2021\/02\/colchao-Small-300x168.jpg 300w, https:\/\/mobiladoralentejana.com\/wp-content\/uploads\/2021\/02\/colchao-Small.jpg 854w\" sizes=\"(max-width: 768px) 100vw, 768px\" \/>\t\t\t\t\t\t\t\t<\/a>\n\t\t\t\t\t\t\t\t\t\t\t<figcaption class=\"widget-image-caption wp-caption-text\">Colch\u00f5es<\/figcaption>\n\t\t\t\t\t\t\t\t\t\t<\/figure>\n\t\t\t\t\t\t\t\t\t<\/div>\n\t\t\t\t<\/div>\n\t\t\t\t\t<\/div>\n\t\t<\/div>\n\t\t\t\t<div class=\"elementor-column elementor-col-25 elementor-top-column elementor-element elementor-element-e1aaab4\" data-id=\"e1aaab4\" data-element_type=\"column\" data-e-type=\"column\">\n\t\t\t<div class=\"elementor-widget-wrap elementor-element-populated\">\n\t\t\t\t\t\t<div class=\"elementor-element elementor-element-99548b5 elementor-widget elementor-widget-image\" data-id=\"99548b5\" data-element_type=\"widget\" data-e-type=\"widget\" data-widget_type=\"image.default\">\n\t\t\t\t<div class=\"elementor-widget-container\">\n\t\t\t\t\t\t\t\t\t\t\t\t<figure class=\"wp-caption\">\n\t\t\t\t\t\t\t\t\t\t\t<a href=\"https:\/\/mobiladoralentejana.com\/index.php\/roupeiros\/\">\n\t\t\t\t\t\t\t<img loading=\"lazy\" decoding=\"async\" width=\"480\" height=\"626\" src=\"https:\/\/mobiladoralentejana.com\/wp-content\/uploads\/2021\/02\/Roupeiro-Small.png\" class=\"attachment-medium_large size-medium_large wp-image-482\" alt=\"Roupeiros\" srcset=\"https:\/\/mobiladoralentejana.com\/wp-content\/uploads\/2021\/02\/Roupeiro-Small.png 480w, https:\/\/mobiladoralentejana.com\/wp-content\/uploads\/2021\/02\/Roupeiro-Small-416x543.png 416w, https:\/\/mobiladoralentejana.com\/wp-content\/uploads\/2021\/02\/Roupeiro-Small-230x300.png 230w\" sizes=\"(max-width: 480px) 100vw, 480px\" \/>\t\t\t\t\t\t\t\t<\/a>\n\t\t\t\t\t\t\t\t\t\t\t<figcaption class=\"widget-image-caption wp-caption-text\">Roupeiros<\/figcaption>\n\t\t\t\t\t\t\t\t\t\t<\/figure>\n\t\t\t\t\t\t\t\t\t<\/div>\n\t\t\t\t<\/div>\n\t\t\t\t\t<\/div>\n\t\t<\/div>\n\t\t\t\t\t<\/div>\n\t\t<\/section>\n\t\t\t\t<section class=\"elementor-section elementor-top-section elementor-element elementor-element-341b09b elementor-section-boxed elementor-section-height-default elementor-section-height-default\" data-id=\"341b09b\" data-element_type=\"section\" data-e-type=\"section\">\n\t\t\t\t\t\t<div class=\"elementor-container elementor-column-gap-default\">\n\t\t\t\t\t<div class=\"elementor-column elementor-col-25 elementor-top-column elementor-element elementor-element-2f5999e\" data-id=\"2f5999e\" data-element_type=\"column\" data-e-type=\"column\">\n\t\t\t<div class=\"elementor-widget-wrap elementor-element-populated\">\n\t\t\t\t\t\t<div class=\"elementor-element elementor-element-3f38384 elementor-widget elementor-widget-image\" data-id=\"3f38384\" data-element_type=\"widget\" data-e-type=\"widget\" data-widget_type=\"image.default\">\n\t\t\t\t<div class=\"elementor-widget-container\">\n\t\t\t\t\t\t\t\t\t\t\t\t<figure class=\"wp-caption\">\n\t\t\t\t\t\t\t\t\t\t\t<a href=\"https:\/\/mobiladoralentejana.com\/index.php\/tapecarias\/\">\n\t\t\t\t\t\t\t<img loading=\"lazy\" decoding=\"async\" width=\"702\" height=\"480\" src=\"https:\/\/mobiladoralentejana.com\/wp-content\/uploads\/2021\/02\/Tapete-Small.jpg\" class=\"attachment-medium_large size-medium_large wp-image-483\" alt=\"Tape\u00e7arias\" srcset=\"https:\/\/mobiladoralentejana.com\/wp-content\/uploads\/2021\/02\/Tapete-Small.jpg 702w, https:\/\/mobiladoralentejana.com\/wp-content\/uploads\/2021\/02\/Tapete-Small-416x284.jpg 416w, https:\/\/mobiladoralentejana.com\/wp-content\/uploads\/2021\/02\/Tapete-Small-300x205.jpg 300w\" sizes=\"(max-width: 702px) 100vw, 702px\" \/>\t\t\t\t\t\t\t\t<\/a>\n\t\t\t\t\t\t\t\t\t\t\t<figcaption class=\"widget-image-caption wp-caption-text\">Tape\u00e7arias<\/figcaption>\n\t\t\t\t\t\t\t\t\t\t<\/figure>\n\t\t\t\t\t\t\t\t\t<\/div>\n\t\t\t\t<\/div>\n\t\t\t\t\t<\/div>\n\t\t<\/div>\n\t\t\t\t<div class=\"elementor-column elementor-col-25 elementor-top-column elementor-element elementor-element-2977667\" data-id=\"2977667\" data-element_type=\"column\" data-e-type=\"column\">\n\t\t\t<div class=\"elementor-widget-wrap elementor-element-populated\">\n\t\t\t\t\t\t<div class=\"elementor-element elementor-element-331c964 elementor-widget elementor-widget-image\" data-id=\"331c964\" data-element_type=\"widget\" data-e-type=\"widget\" data-widget_type=\"image.default\">\n\t\t\t\t<div class=\"elementor-widget-container\">\n\t\t\t\t\t\t\t\t\t\t\t\t<figure class=\"wp-caption\">\n\t\t\t\t\t\t\t\t\t\t\t<a href=\"https:\/\/mobiladoralentejana.com\/index.php\/iluminacao\/\">\n\t\t\t\t\t\t\t<img loading=\"lazy\" decoding=\"async\" width=\"360\" height=\"291\" src=\"https:\/\/mobiladoralentejana.com\/wp-content\/uploads\/2021\/02\/Candeeiro-4.jpg\" class=\"attachment-medium_large size-medium_large wp-image-282\" alt=\"Ilumina\u00e7\u00e3o\" srcset=\"https:\/\/mobiladoralentejana.com\/wp-content\/uploads\/2021\/02\/Candeeiro-4.jpg 360w, https:\/\/mobiladoralentejana.com\/wp-content\/uploads\/2021\/02\/Candeeiro-4-300x243.jpg 300w\" sizes=\"(max-width: 360px) 100vw, 360px\" \/>\t\t\t\t\t\t\t\t<\/a>\n\t\t\t\t\t\t\t\t\t\t\t<figcaption class=\"widget-image-caption wp-caption-text\">Ilumina\u00e7\u00e3o<\/figcaption>\n\t\t\t\t\t\t\t\t\t\t<\/figure>\n\t\t\t\t\t\t\t\t\t<\/div>\n\t\t\t\t<\/div>\n\t\t\t\t\t<\/div>\n\t\t<\/div>\n\t\t\t\t<div class=\"elementor-column elementor-col-25 elementor-top-column elementor-element elementor-element-933fe31\" data-id=\"933fe31\" data-element_type=\"column\" data-e-type=\"column\">\n\t\t\t<div class=\"elementor-widget-wrap elementor-element-populated\">\n\t\t\t\t\t\t<div class=\"elementor-element elementor-element-2ab79f1 elementor-widget elementor-widget-image\" data-id=\"2ab79f1\" data-element_type=\"widget\" data-e-type=\"widget\" data-widget_type=\"image.default\">\n\t\t\t\t<div class=\"elementor-widget-container\">\n\t\t\t\t\t\t\t\t\t\t\t\t<figure class=\"wp-caption\">\n\t\t\t\t\t\t\t\t\t\t\t<a href=\"https:\/\/mobiladoralentejana.com\/index.php\/cozinhas\/\">\n\t\t\t\t\t\t\t<img loading=\"lazy\" decoding=\"async\" width=\"630\" height=\"354\" src=\"https:\/\/mobiladoralentejana.com\/wp-content\/uploads\/2021\/02\/Cozinha-2.jpg\" class=\"attachment-medium_large size-medium_large wp-image-485\" alt=\"Cozinhas\" srcset=\"https:\/\/mobiladoralentejana.com\/wp-content\/uploads\/2021\/02\/Cozinha-2.jpg 630w, https:\/\/mobiladoralentejana.com\/wp-content\/uploads\/2021\/02\/Cozinha-2-416x234.jpg 416w, https:\/\/mobiladoralentejana.com\/wp-content\/uploads\/2021\/02\/Cozinha-2-300x169.jpg 300w\" sizes=\"(max-width: 630px) 100vw, 630px\" \/>\t\t\t\t\t\t\t\t<\/a>\n\t\t\t\t\t\t\t\t\t\t\t<figcaption class=\"widget-image-caption wp-caption-text\">Cozinhas<\/figcaption>\n\t\t\t\t\t\t\t\t\t\t<\/figure>\n\t\t\t\t\t\t\t\t\t<\/div>\n\t\t\t\t<\/div>\n\t\t\t\t\t<\/div>\n\t\t<\/div>\n\t\t\t\t<div class=\"elementor-column elementor-col-25 elementor-top-column elementor-element elementor-element-3e6d850\" data-id=\"3e6d850\" data-element_type=\"column\" data-e-type=\"column\">\n\t\t\t<div class=\"elementor-widget-wrap elementor-element-populated\">\n\t\t\t\t\t\t<div class=\"elementor-element elementor-element-a974617 elementor-widget elementor-widget-image\" data-id=\"a974617\" data-element_type=\"widget\" data-e-type=\"widget\" data-widget_type=\"image.default\">\n\t\t\t\t<div class=\"elementor-widget-container\">\n\t\t\t\t\t\t\t\t\t\t\t\t<figure class=\"wp-caption\">\n\t\t\t\t\t\t\t\t\t\t\t<a href=\"https:\/\/mobiladoralentejana.com\/index.php\/revestimentos\/\">\n\t\t\t\t\t\t\t<img loading=\"lazy\" decoding=\"async\" width=\"720\" height=\"480\" src=\"https:\/\/mobiladoralentejana.com\/wp-content\/uploads\/2021\/02\/Revestimentos-Small.jpg\" class=\"attachment-medium_large size-medium_large wp-image-489\" alt=\"Revestimentos\" srcset=\"https:\/\/mobiladoralentejana.com\/wp-content\/uploads\/2021\/02\/Revestimentos-Small.jpg 720w, https:\/\/mobiladoralentejana.com\/wp-content\/uploads\/2021\/02\/Revestimentos-Small-416x277.jpg 416w, https:\/\/mobiladoralentejana.com\/wp-content\/uploads\/2021\/02\/Revestimentos-Small-300x200.jpg 300w\" sizes=\"(max-width: 720px) 100vw, 720px\" \/>\t\t\t\t\t\t\t\t<\/a>\n\t\t\t\t\t\t\t\t\t\t\t<figcaption class=\"widget-image-caption wp-caption-text\">Revestimentos<\/figcaption>\n\t\t\t\t\t\t\t\t\t\t<\/figure>\n\t\t\t\t\t\t\t\t\t<\/div>\n\t\t\t\t<\/div>\n\t\t\t\t\t<\/div>\n\t\t<\/div>\n\t\t\t\t\t<\/div>\n\t\t<\/section>\n\t\t\t\t<section class=\"elementor-section elementor-top-section elementor-element elementor-element-dbdcd32 elementor-section-boxed elementor-section-height-default elementor-section-height-default\" data-id=\"dbdcd32\" data-element_type=\"section\" data-e-type=\"section\">\n\t\t\t\t\t\t<div class=\"elementor-container elementor-column-gap-default\">\n\t\t\t\t\t<div class=\"elementor-column elementor-col-25 elementor-top-column elementor-element elementor-element-a35e72f\" data-id=\"a35e72f\" data-element_type=\"column\" data-e-type=\"column\">\n\t\t\t<div class=\"elementor-widget-wrap elementor-element-populated\">\n\t\t\t\t\t\t<div class=\"elementor-element elementor-element-03a24ef elementor-widget elementor-widget-image\" data-id=\"03a24ef\" data-element_type=\"widget\" data-e-type=\"widget\" data-widget_type=\"image.default\">\n\t\t\t\t<div class=\"elementor-widget-container\">\n\t\t\t\t\t\t\t\t\t\t\t\t<figure class=\"wp-caption\">\n\t\t\t\t\t\t\t\t\t\t\t<a href=\"https:\/\/mobiladoralentejana.com\/index.php\/cortinados\/\">\n\t\t\t\t\t\t\t<img loading=\"lazy\" decoding=\"async\" width=\"150\" height=\"150\" src=\"https:\/\/mobiladoralentejana.com\/wp-content\/uploads\/2022\/08\/Cortinados-150x150.jpg\" class=\"attachment-thumbnail size-thumbnail wp-image-1415\" alt=\"\" srcset=\"https:\/\/mobiladoralentejana.com\/wp-content\/uploads\/2022\/08\/Cortinados-150x150.jpg 150w, https:\/\/mobiladoralentejana.com\/wp-content\/uploads\/2022\/08\/Cortinados-300x300.jpg 300w, https:\/\/mobiladoralentejana.com\/wp-content\/uploads\/2022\/08\/Cortinados-324x324.jpg 324w, https:\/\/mobiladoralentejana.com\/wp-content\/uploads\/2022\/08\/Cortinados-100x100.jpg 100w, https:\/\/mobiladoralentejana.com\/wp-content\/uploads\/2022\/08\/Cortinados.jpg 360w\" sizes=\"(max-width: 150px) 100vw, 150px\" \/>\t\t\t\t\t\t\t\t<\/a>\n\t\t\t\t\t\t\t\t\t\t\t<figcaption class=\"widget-image-caption wp-caption-text\">Cortinados<\/figcaption>\n\t\t\t\t\t\t\t\t\t\t<\/figure>\n\t\t\t\t\t\t\t\t\t<\/div>\n\t\t\t\t<\/div>\n\t\t\t\t\t<\/div>\n\t\t<\/div>\n\t\t\t\t<div class=\"elementor-column elementor-col-25 elementor-top-column elementor-element elementor-element-66b9e78\" data-id=\"66b9e78\" data-element_type=\"column\" data-e-type=\"column\">\n\t\t\t<div class=\"elementor-widget-wrap elementor-element-populated\">\n\t\t\t\t\t\t<div class=\"elementor-element elementor-element-4268189 elementor-widget elementor-widget-image\" data-id=\"4268189\" data-element_type=\"widget\" data-e-type=\"widget\" data-widget_type=\"image.default\">\n\t\t\t\t<div class=\"elementor-widget-container\">\n\t\t\t\t\t\t\t\t\t\t\t\t<figure class=\"wp-caption\">\n\t\t\t\t\t\t\t\t\t\t\t<a href=\"https:\/\/mobiladoralentejana.com\/index.php\/eletrodomesticos\/\">\n\t\t\t\t\t\t\t<img loading=\"lazy\" decoding=\"async\" width=\"150\" height=\"150\" src=\"https:\/\/mobiladoralentejana.com\/wp-content\/uploads\/2022\/08\/fogao-150x150.jpg\" class=\"attachment-thumbnail size-thumbnail wp-image-1476\" alt=\"\" srcset=\"https:\/\/mobiladoralentejana.com\/wp-content\/uploads\/2022\/08\/fogao-150x150.jpg 150w, https:\/\/mobiladoralentejana.com\/wp-content\/uploads\/2022\/08\/fogao-100x100.jpg 100w\" sizes=\"(max-width: 150px) 100vw, 150px\" \/>\t\t\t\t\t\t\t\t<\/a>\n\t\t\t\t\t\t\t\t\t\t\t<figcaption class=\"widget-image-caption wp-caption-text\">Eletrodom\u00e9sticos<\/figcaption>\n\t\t\t\t\t\t\t\t\t\t<\/figure>\n\t\t\t\t\t\t\t\t\t<\/div>\n\t\t\t\t<\/div>\n\t\t\t\t\t<\/div>\n\t\t<\/div>\n\t\t\t\t<div class=\"elementor-column elementor-col-25 elementor-top-column elementor-element elementor-element-6e4afed\" data-id=\"6e4afed\" data-element_type=\"column\" data-e-type=\"column\">\n\t\t\t<div class=\"elementor-widget-wrap\">\n\t\t\t\t\t\t\t<\/div>\n\t\t<\/div>\n\t\t\t\t<div class=\"elementor-column elementor-col-25 elementor-top-column elementor-element elementor-element-8ff61d2\" data-id=\"8ff61d2\" data-element_type=\"column\" data-e-type=\"column\">\n\t\t\t<div class=\"elementor-widget-wrap\">\n\t\t\t\t\t\t\t<\/div>\n\t\t<\/div>\n\t\t\t\t\t<\/div>\n\t\t<\/section>\n\t\t\t\t<\/div>\n\t\t","protected":false},"excerpt":{"rendered":"<p>Mobili\u00e1rio Estofos Colch\u00f5es Roupeiros Tape\u00e7arias Ilumina\u00e7\u00e3o Cozinhas Revestimentos Cortinados Eletrodom\u00e9sticos<\/p>\n","protected":false},"author":1,"featured_media":0,"parent":0,"menu_order":0,"comment_status":"closed","ping_status":"closed","template":"","meta":{"footnotes":""},"class_list":["post-261","page","type-page","status-publish","hentry"],"jetpack_sharing_enabled":true,"_links":{"self":[{"href":"https:\/\/mobiladoralentejana.com\/index.php\/wp-json\/wp\/v2\/pages\/261","targetHints":{"allow":["GET"]}}],"collection":[{"href":"https:\/\/mobiladoralentejana.com\/index.php\/wp-json\/wp\/v2\/pages"}],"about":[{"href":"https:\/\/mobiladoralentejana.com\/index.php\/wp-json\/wp\/v2\/types\/page"}],"author":[{"embeddable":true,"href":"https:\/\/mobiladoralentejana.com\/index.php\/wp-json\/wp\/v2\/users\/1"}],"replies":[{"embeddable":true,"href":"https:\/\/mobiladoralentejana.com\/index.php\/wp-json\/wp\/v2\/comments?post=261"}],"version-history":[{"count":214,"href":"https:\/\/mobiladoralentejana.com\/index.php\/wp-json\/wp\/v2\/pages\/261\/revisions"}],"predecessor-version":[{"id":1479,"href":"https:\/\/mobiladoralentejana.com\/index.php\/wp-json\/wp\/v2\/pages\/261\/revisions\/1479"}],"wp:attachment":[{"href":"https:\/\/mobiladoralentejana.com\/index.php\/wp-json\/wp\/v2\/media?parent=261"}],"curies":[{"name":"wp","href":"https:\/\/api.w.org\/{rel}","templated":true}]}}