{"id":77,"date":"2021-02-04T12:14:50","date_gmt":"2021-02-04T12:14:50","guid":{"rendered":"https:\/\/mobiladoralentejana.com\/?page_id=77"},"modified":"2026-04-09T11:34:48","modified_gmt":"2026-04-09T10:34:48","slug":"mobiliario","status":"publish","type":"page","link":"https:\/\/mobiladoralentejana.com\/index.php\/mobiliario\/","title":{"rendered":"Representa\u00e7\u00f5es, Mobili\u00e1rio"},"content":{"rendered":"\t\t<div data-elementor-type=\"wp-page\" data-elementor-id=\"77\" class=\"elementor elementor-77\">\n\t\t\t\t\t\t<section class=\"elementor-section elementor-top-section elementor-element elementor-element-551a51a4 elementor-section-boxed elementor-section-height-default elementor-section-height-default\" data-id=\"551a51a4\" data-element_type=\"section\" data-e-type=\"section\">\n\t\t\t\t\t\t<div class=\"elementor-container elementor-column-gap-default\">\n\t\t\t\t\t<div class=\"elementor-column elementor-col-100 elementor-top-column elementor-element elementor-element-5434d493\" data-id=\"5434d493\" data-element_type=\"column\" data-e-type=\"column\">\n\t\t\t<div class=\"elementor-widget-wrap elementor-element-populated\">\n\t\t\t\t\t\t<div class=\"elementor-element elementor-element-6773e207 elementor-widget elementor-widget-text-editor\" data-id=\"6773e207\" data-element_type=\"widget\" data-e-type=\"widget\" data-widget_type=\"text-editor.default\">\n\t\t\t\t<div class=\"elementor-widget-container\">\n\t\t\t\t\t\t\t\t\t<div class=\"wp-block-group alignwide\">\n<div class=\"wp-block-group__inner-container\">\n<p><\/p>\n<div class=\"wp-block-group\"><div class=\"wp-block-group__inner-container\">\n<div class=\"wp-block-group__inner-container is-layout-flow wp-block-group-is-layout-flow\">\n<p><\/p>\n<div class=\"wp-block-columns alignwide are-vertically-aligned-center is-layout-flex wp-container-core-columns-is-layout-28f84493 wp-block-columns-is-layout-flex\">\n<p><\/p>\n<div class=\"wp-block-column is-vertically-aligned-center is-layout-flow wp-block-column-is-layout-flow\">\n<p><\/p>\n<div class=\"wp-block-image\">\n<figure class=\"aligncenter size-large\"><a href=\"https:\/\/www.mueblesortizdb.es\/\"><img decoding=\"async\" class=\"aligncenter wp-image-225\" src=\"https:\/\/mobiladoralentejana.com\/wp-content\/uploads\/2021\/02\/MueblesOrts-150x150.jpg\" alt=\"\" width=\"130\" height=\"128\" \/><\/a><\/figure>\n<\/div>\n<p><\/p>\n<\/div>\n<p><\/p>\n<div class=\"wp-block-column is-vertically-aligned-center is-layout-flow wp-block-column-is-layout-flow\" style=\"text-align: center;\">\n<p><\/p>\n<div class=\"wp-block-image\">\n<figure class=\"aligncenter size-large\">\u00a0<a href=\"https:\/\/seiva.pt\/\"><img decoding=\"async\" class=\"alignnone wp-image-226\" src=\"https:\/\/mobiladoralentejana.com\/wp-content\/uploads\/2021\/02\/seiva.png\" alt=\"\" width=\"400\" height=\"98\" \/><\/a><\/figure>\n<\/div>\n<p><\/p>\n<\/div>\n<p><\/p>\n<p>\u00a0<\/p>\n<div class=\"wp-block-column is-vertically-aligned-center is-layout-flow wp-block-column-is-layout-flow\" style=\"text-align: center;\">\n<p><\/p>\n<div class=\"wp-block-image\">\n<figure class=\"aligncenter size-large\"><\/figure>\n<figure class=\"aligncenter size-large\"><\/figure>\n<figure class=\"aligncenter size-large\"><a href=\"https:\/\/portosmobiliario.com\/\"><img decoding=\"async\" class=\"alignnone wp-image-227\" src=\"https:\/\/mobiladoralentejana.com\/wp-content\/uploads\/2021\/02\/Portus.jpg\" alt=\"\" width=\"250\" height=\"142\" \/><\/a><\/figure>\n<\/div>\n<p><\/p>\n<\/div>\n<p><\/p>\n<p>\u00a0<\/p>\n<div class=\"wp-block-column is-vertically-aligned-center is-layout-flow wp-block-column-is-layout-flow\" style=\"text-align: center;\">\n<p><\/p>\n<div class=\"wp-block-image\">\n<figure class=\"aligncenter size-large\"><\/figure>\n<figure class=\"aligncenter size-large\"><\/figure>\n<figure class=\"aligncenter size-large\"><a href=\"https:\/\/bandalux.com\/es\"><img loading=\"lazy\" decoding=\"async\" class=\"alignnone wp-image-228\" style=\"color: var( --e-global-color-text ); font-family: var( --e-global-typography-text-font-family ), Sans-serif; font-weight: var( --e-global-typography-text-font-weight );\" src=\"https:\/\/mobiladoralentejana.com\/wp-content\/uploads\/2021\/02\/Bandalux.jpg\" alt=\"\" width=\"350\" height=\"249\" srcset=\"https:\/\/mobiladoralentejana.com\/wp-content\/uploads\/2021\/02\/Bandalux.jpg 350w, https:\/\/mobiladoralentejana.com\/wp-content\/uploads\/2021\/02\/Bandalux-300x213.jpg 300w\" sizes=\"(max-width: 350px) 100vw, 350px\" \/><\/a><\/figure>\n<\/div>\n<\/div>\n<div class=\"wp-block-column is-vertically-aligned-center\" style=\"text-align: center;\">\n<figure class=\"wp-block-image size-large\"><a href=\"https:\/\/www.temahome.com\/pt-pt\/\"><img loading=\"lazy\" decoding=\"async\" class=\"aligncenter wp-image-229\" src=\"https:\/\/mobiladoralentejana.com\/wp-content\/uploads\/2021\/02\/Temahome.jpg\" alt=\"\" width=\"124\" height=\"49\" \/><\/a><\/figure>\n<p><\/p>\n<\/div>\n<p>\u00a0 \u00a0<\/p>\n<div class=\"wp-block-column is-vertically-aligned-center is-layout-flow wp-block-column-is-layout-flow\" style=\"text-align: center;\">\n<p><\/p>\n<figure class=\"wp-block-image size-large\"><a href=\"https:\/\/www.tonincasa.it\/\"><img loading=\"lazy\" decoding=\"async\" width=\"113\" height=\"111\" class=\"wp-image-232 aligncenter\" src=\"https:\/\/mobiladoralentejana.com\/wp-content\/uploads\/2021\/02\/TONIN.jpg\" alt=\"\" \/><\/a><\/figure>\n<p>\u00a0<\/p>\n<\/div>\n<\/div>\n<div class=\"wp-block-columns alignwide are-vertically-aligned-center\" style=\"text-align: center;\">\n<div class=\"wp-block-column is-vertically-aligned-center\">\n<div class=\"wp-block-image\">\n<figure class=\"aligncenter size-large\"><\/figure>\n<figure class=\"aligncenter size-large\"><a href=\"https:\/\/www.juliagrup.com\/\"><img loading=\"lazy\" decoding=\"async\" class=\"aligncenter wp-image-237\" style=\"color: var( --e-global-color-text ); font-family: var( --e-global-typography-text-font-family ), Sans-serif; font-weight: var( --e-global-typography-text-font-weight );\" src=\"https:\/\/mobiladoralentejana.com\/wp-content\/uploads\/2021\/02\/LAFORMA-e1660303313536-150x150.jpg\" alt=\"\" width=\"120\" height=\"119\" srcset=\"https:\/\/mobiladoralentejana.com\/wp-content\/uploads\/2021\/02\/LAFORMA-e1660303313536-150x150.jpg 150w, https:\/\/mobiladoralentejana.com\/wp-content\/uploads\/2021\/02\/LAFORMA-e1660303313536-100x100.jpg 100w, https:\/\/mobiladoralentejana.com\/wp-content\/uploads\/2021\/02\/LAFORMA-e1660303313536.jpg 180w\" sizes=\"(max-width: 120px) 100vw, 120px\" \/><\/a><\/figure>\n<\/div>\n<\/div>\n<div class=\"wp-block-column is-vertically-aligned-center\">\n<p><\/p>\n<div class=\"wp-block-image\"><a href=\"http:\/\/www.cancio.es\/\"><img loading=\"lazy\" decoding=\"async\" class=\"aligncenter wp-image-1043 size-full\" src=\"https:\/\/mobiladoralentejana.com\/wp-content\/uploads\/2021\/05\/CANCIO.jpg\" alt=\"\" width=\"83\" height=\"92\" \/><\/a><\/div>\n<p><\/p>\n<\/div>\n<p><\/p>\n<div class=\"wp-block-column is-vertically-aligned-center is-layout-flow wp-block-column-is-layout-flow\">\n<p><\/p>\n<div class=\"wp-block-image\">\n<figure class=\"aligncenter size-large\"><a href=\"https:\/\/lourini.pt\/\"><img loading=\"lazy\" decoding=\"async\" class=\"aligncenter wp-image-239 size-medium\" src=\"https:\/\/mobiladoralentejana.com\/wp-content\/uploads\/2021\/02\/logo_lourini-1-300x124.png\" alt=\"\" width=\"300\" height=\"124\" srcset=\"https:\/\/mobiladoralentejana.com\/wp-content\/uploads\/2021\/02\/logo_lourini-1-300x124.png 300w, https:\/\/mobiladoralentejana.com\/wp-content\/uploads\/2021\/02\/logo_lourini-1.png 340w\" sizes=\"(max-width: 300px) 100vw, 300px\" \/><\/a><\/figure>\n<\/div>\n<p><\/p>\n<\/div>\n<p><\/p>\n<div class=\"wp-block-column is-vertically-aligned-center is-layout-flow wp-block-column-is-layout-flow\">\n<p><\/p>\n<figure class=\"wp-block-image size-large\"><a href=\"https:\/\/www.bontempi.it\/it_en\/\"><img loading=\"lazy\" decoding=\"async\" class=\"aligncenter wp-image-1509 size-full\" src=\"https:\/\/mobiladoralentejana.com\/wp-content\/uploads\/2022\/08\/bontempi-4.png\" alt=\"\" width=\"165\" height=\"63\" \/><\/a><\/figure>\n<p><\/p>\n<\/div>\n<p>\u00a0\u00a0<\/p>\n<div class=\"wp-block-column is-vertically-aligned-center is-layout-flow wp-block-column-is-layout-flow\">\n<p><\/p>\n<figure class=\"wp-block-image size-large\"><a href=\"http:\/\/www.aabrito.com\/\"><img loading=\"lazy\" decoding=\"async\" width=\"176\" height=\"116\" class=\"wp-image-241 aligncenter\" src=\"https:\/\/mobiladoralentejana.com\/wp-content\/uploads\/2021\/02\/BRITOS.jpg\" alt=\"\" \/><\/a><\/figure>\n<figure class=\"wp-block-image size-large\"><\/figure>\n<p><\/p>\n<\/div>\n<p><\/p>\n<\/div>\n<p><\/p>\n<div class=\"wp-block-columns alignwide are-vertically-aligned-center is-layout-flex wp-container-core-columns-is-layout-28f84493 wp-block-columns-is-layout-flex\" style=\"text-align: center;\">\n<p><\/p>\n<div class=\"wp-block-column is-vertically-aligned-center is-layout-flow wp-block-column-is-layout-flow\">\n<p><\/p>\n<div class=\"wp-block-image\"><a href=\"https:\/\/koalabeds.net\/\"><img loading=\"lazy\" decoding=\"async\" class=\"alignnone wp-image-34497 size-medium\" src=\"https:\/\/mobiladoralentejana.com\/wp-content\/uploads\/2025\/07\/logo-koala-2024-300x44.png\" alt=\"\" width=\"300\" height=\"44\" srcset=\"https:\/\/mobiladoralentejana.com\/wp-content\/uploads\/2025\/07\/logo-koala-2024-300x44.png 300w, https:\/\/mobiladoralentejana.com\/wp-content\/uploads\/2025\/07\/logo-koala-2024-1024x152.png 1024w, https:\/\/mobiladoralentejana.com\/wp-content\/uploads\/2025\/07\/logo-koala-2024-768x114.png 768w, https:\/\/mobiladoralentejana.com\/wp-content\/uploads\/2025\/07\/logo-koala-2024-1536x227.png 1536w, https:\/\/mobiladoralentejana.com\/wp-content\/uploads\/2025\/07\/logo-koala-2024-2048x303.png 2048w, https:\/\/mobiladoralentejana.com\/wp-content\/uploads\/2025\/07\/logo-koala-2024-416x62.png 416w\" sizes=\"(max-width: 300px) 100vw, 300px\" \/><\/a><\/div>\n<p><\/p>\n<\/div>\n<p>\u00a0 \u00a0 \u00a0<\/p>\n<div class=\"wp-block-column is-vertically-aligned-center is-layout-flow wp-block-column-is-layout-flow\">\n<p><\/p>\n<div class=\"wp-block-image\">\n<figure class=\"aligncenter size-large\"><a href=\"https:\/\/www.arteantiga.pt\/\"><img loading=\"lazy\" decoding=\"async\" class=\"alignright wp-image-246 size-medium\" src=\"https:\/\/mobiladoralentejana.com\/wp-content\/uploads\/2021\/02\/arteantiga-300x77.png\" alt=\"\" width=\"300\" height=\"77\" srcset=\"https:\/\/mobiladoralentejana.com\/wp-content\/uploads\/2021\/02\/arteantiga-300x77.png 300w, https:\/\/mobiladoralentejana.com\/wp-content\/uploads\/2021\/02\/arteantiga-416x107.png 416w, https:\/\/mobiladoralentejana.com\/wp-content\/uploads\/2021\/02\/arteantiga-1024x263.png 1024w, https:\/\/mobiladoralentejana.com\/wp-content\/uploads\/2021\/02\/arteantiga-768x197.png 768w, https:\/\/mobiladoralentejana.com\/wp-content\/uploads\/2021\/02\/arteantiga-1536x395.png 1536w, https:\/\/mobiladoralentejana.com\/wp-content\/uploads\/2021\/02\/arteantiga.png 1867w\" sizes=\"(max-width: 300px) 100vw, 300px\" \/><\/a><\/figure>\n<\/div>\n<p><\/p>\n<\/div>\n<p><\/p>\n<div class=\"wp-block-column is-vertically-aligned-center is-layout-flow wp-block-column-is-layout-flow\">\n<p><\/p>\n<div class=\"wp-block-image\">\n<figure class=\"aligncenter size-large\"><img loading=\"lazy\" decoding=\"async\" width=\"100\" height=\"100\" class=\"wp-image-247\" src=\"https:\/\/mobiladoralentejana.com\/wp-content\/uploads\/2021\/02\/Paularte.png\" alt=\"\" \/><\/figure>\n<\/div>\n<\/div>\n<div class=\"wp-block-column is-vertically-aligned-center\">\n<figure class=\"wp-block-image size-large\"><a href=\"https:\/\/www.jesse.it\/\"><img loading=\"lazy\" decoding=\"async\" width=\"1022\" height=\"766\" class=\"wp-image-249\" src=\"https:\/\/mobiladoralentejana.com\/wp-content\/uploads\/2021\/02\/jesse.gif\" alt=\"\" \/><\/a><\/figure>\n<p><\/p>\n<\/div>\n<p>\u00a0 \u00a0 \u00a0 \u00a0\u00a0<\/p>\n<div class=\"wp-block-column is-vertically-aligned-center is-layout-flow wp-block-column-is-layout-flow\">\n<p><\/p>\n<figure class=\"wp-block-image size-large\"><a href=\"https:\/\/www.moveislusiadas.pt\/\"><img loading=\"lazy\" decoding=\"async\" width=\"179\" height=\"102\" class=\"wp-image-250 aligncenter\" src=\"https:\/\/mobiladoralentejana.com\/wp-content\/uploads\/2021\/02\/MOVEIS_LUSIADAS.jpg\" alt=\"\" \/><\/a><\/figure>\n<p><\/p>\n<\/div>\n<p><\/p>\n<\/div>\n<p><\/p>\n<div class=\"wp-block-columns alignwide are-vertically-aligned-center is-layout-flex wp-container-core-columns-is-layout-28f84493 wp-block-columns-is-layout-flex\">\n<p><\/p>\n<div class=\"wp-block-column is-vertically-aligned-center is-layout-flow wp-block-column-is-layout-flow\" style=\"text-align: center;\">\n<p><\/p>\n<div class=\"wp-block-image\">\n<figure class=\"aligncenter size-large\"><a href=\"https:\/\/movelantigo.pt\/\"><img loading=\"lazy\" decoding=\"async\" class=\"wp-image-252 aligncenter\" src=\"https:\/\/mobiladoralentejana.com\/wp-content\/uploads\/2021\/02\/MovelAntigo.png\" alt=\"\" width=\"94\" height=\"102\" \/><\/a><\/figure>\n<\/div>\n<p><\/p>\n<\/div>\n<p><\/p>\n<div class=\"wp-block-column is-vertically-aligned-center is-layout-flow wp-block-column-is-layout-flow\" style=\"text-align: center;\">\n<p><\/p>\n<div class=\"wp-block-image\">\n<figure class=\"aligncenter size-large\"><a href=\"https:\/\/nsmobiliario.com\/\"><img loading=\"lazy\" decoding=\"async\" width=\"524\" height=\"77\" class=\"wp-image-255 aligncenter\" src=\"https:\/\/mobiladoralentejana.com\/wp-content\/uploads\/2021\/02\/NS.jpg\" alt=\"\" srcset=\"https:\/\/mobiladoralentejana.com\/wp-content\/uploads\/2021\/02\/NS.jpg 524w, https:\/\/mobiladoralentejana.com\/wp-content\/uploads\/2021\/02\/NS-416x61.jpg 416w, https:\/\/mobiladoralentejana.com\/wp-content\/uploads\/2021\/02\/NS-300x44.jpg 300w\" sizes=\"(max-width: 524px) 100vw, 524px\" \/><\/a><\/figure>\n<\/div>\n<p><\/p>\n<\/div>\n<p>\u00a0 \u00a0 \u00a0<\/p>\n<div class=\"wp-block-column is-vertically-aligned-center is-layout-flow wp-block-column-is-layout-flow\" style=\"text-align: center;\">\n<p><\/p>\n<div class=\"wp-block-image\">\n<figure class=\"aligncenter size-large\"><a href=\"https:\/\/rimobel.es\/\"><img loading=\"lazy\" decoding=\"async\" width=\"201\" height=\"67\" class=\"wp-image-256 aligncenter\" src=\"https:\/\/mobiladoralentejana.com\/wp-content\/uploads\/2021\/02\/Rimobel.png\" alt=\"\" \/><\/a><\/figure>\n<\/div>\n<p><\/p>\n<\/div>\n<p><\/p>\n<div class=\"wp-block-column is-vertically-aligned-center is-layout-flow wp-block-column-is-layout-flow\"><a href=\"https:\/\/www.costapereiramobiliario.com\/pt\/\"><img loading=\"lazy\" decoding=\"async\" class=\"aligncenter wp-image-1490 size-full\" src=\"https:\/\/mobiladoralentejana.com\/wp-content\/uploads\/2022\/08\/CostaPereira-3.png\" alt=\"\" width=\"206\" height=\"78\" \/><\/a><\/div>\n<p>\u00a0<\/p>\n<div class=\"wp-block-column is-vertically-aligned-center\"><a href=\"https:\/\/www.francofurniture.es\/\"><img loading=\"lazy\" decoding=\"async\" class=\"aligncenter wp-image-1519 size-full\" src=\"https:\/\/mobiladoralentejana.com\/wp-content\/uploads\/2022\/08\/Franco-Furniture.png\" alt=\"\" width=\"298\" height=\"56\" \/><\/a><\/div>\n<p><\/p>\n<\/div>\n<p><\/p>\n<\/div>\n<\/div>\n<p><\/p>\n<\/div>\n<\/div><\/div>\n<p><\/p>\n<p><\/p>\t\t\t\t\t\t\t\t<\/div>\n\t\t\t\t<\/div>\n\t\t\t\t\t<\/div>\n\t\t<\/div>\n\t\t\t\t\t<\/div>\n\t\t<\/section>\n\t\t\t\t<\/div>\n\t\t","protected":false},"excerpt":{"rendered":"<p>\u00a0<\/p>\n","protected":false},"author":1,"featured_media":0,"parent":0,"menu_order":0,"comment_status":"closed","ping_status":"closed","template":"","meta":{"footnotes":""},"class_list":["post-77","page","type-page","status-publish","hentry"],"jetpack_sharing_enabled":true,"_links":{"self":[{"href":"https:\/\/mobiladoralentejana.com\/index.php\/wp-json\/wp\/v2\/pages\/77","targetHints":{"allow":["GET"]}}],"collection":[{"href":"https:\/\/mobiladoralentejana.com\/index.php\/wp-json\/wp\/v2\/pages"}],"about":[{"href":"https:\/\/mobiladoralentejana.com\/index.php\/wp-json\/wp\/v2\/types\/page"}],"author":[{"embeddable":true,"href":"https:\/\/mobiladoralentejana.com\/index.php\/wp-json\/wp\/v2\/users\/1"}],"replies":[{"embeddable":true,"href":"https:\/\/mobiladoralentejana.com\/index.php\/wp-json\/wp\/v2\/comments?post=77"}],"version-history":[{"count":105,"href":"https:\/\/mobiladoralentejana.com\/index.php\/wp-json\/wp\/v2\/pages\/77\/revisions"}],"predecessor-version":[{"id":34597,"href":"https:\/\/mobiladoralentejana.com\/index.php\/wp-json\/wp\/v2\/pages\/77\/revisions\/34597"}],"wp:attachment":[{"href":"https:\/\/mobiladoralentejana.com\/index.php\/wp-json\/wp\/v2\/media?parent=77"}],"curies":[{"name":"wp","href":"https:\/\/api.w.org\/{rel}","templated":true}]}}