{"id":11,"date":"2021-02-03T09:52:57","date_gmt":"2021-02-03T09:52:57","guid":{"rendered":"https:\/\/mobiladoralentejana.com\/?post_type=product&#038;p=11"},"modified":"2026-04-09T19:03:33","modified_gmt":"2026-04-09T18:03:33","slug":"embalagem-ourolar-embalagemouro","status":"publish","type":"product","link":"https:\/\/mobiladoralentejana.com\/index.php\/product\/embalagem-ourolar-embalagemouro\/","title":{"rendered":"EMBALAGEM OUROLAR"},"content":{"rendered":"<p>Limpa m\u00f3veis e Parquet<br \/>Vantagens: Com um suave perfume a rosas, disfar\u00e7a riscos e d\u00e1 brilho.<br \/>Processo de utiliza\u00e7\u00e3o: Num pano seco, junte algumas gotas de OUROLAR, aplicando suavemente na superf\u00edcie a limpar.<br \/>Utiliza\u00e7\u00e3o: Em madeiras, parquet, alum\u00ednios e pl\u00e1sticos (para-choques e tabliers).<br \/>Embalagens: Frascos de 180 ml<\/p>\n","protected":false},"excerpt":{"rendered":"<p>EMBALAGEM OUROLAR<\/p>\n","protected":false},"featured_media":34795,"comment_status":"open","ping_status":"closed","template":"","meta":[],"product_brand":[],"product_cat":[47],"product_tag":[],"class_list":{"0":"post-11","1":"product","2":"type-product","3":"status-publish","4":"has-post-thumbnail","6":"product_cat-87-produtos-de-limpeza","8":"first","9":"outofstock","10":"taxable","11":"shipping-taxable","12":"purchasable","13":"product-type-simple"},"jetpack_sharing_enabled":true,"_links":{"self":[{"href":"https:\/\/mobiladoralentejana.com\/index.php\/wp-json\/wp\/v2\/product\/11","targetHints":{"allow":["GET"]}}],"collection":[{"href":"https:\/\/mobiladoralentejana.com\/index.php\/wp-json\/wp\/v2\/product"}],"about":[{"href":"https:\/\/mobiladoralentejana.com\/index.php\/wp-json\/wp\/v2\/types\/product"}],"replies":[{"embeddable":true,"href":"https:\/\/mobiladoralentejana.com\/index.php\/wp-json\/wp\/v2\/comments?post=11"}],"version-history":[{"count":15,"href":"https:\/\/mobiladoralentejana.com\/index.php\/wp-json\/wp\/v2\/product\/11\/revisions"}],"predecessor-version":[{"id":34540,"href":"https:\/\/mobiladoralentejana.com\/index.php\/wp-json\/wp\/v2\/product\/11\/revisions\/34540"}],"wp:featuredmedia":[{"embeddable":true,"href":"https:\/\/mobiladoralentejana.com\/index.php\/wp-json\/wp\/v2\/media\/34795"}],"wp:attachment":[{"href":"https:\/\/mobiladoralentejana.com\/index.php\/wp-json\/wp\/v2\/media?parent=11"}],"wp:term":[{"taxonomy":"product_brand","embeddable":true,"href":"https:\/\/mobiladoralentejana.com\/index.php\/wp-json\/wp\/v2\/product_brand?post=11"},{"taxonomy":"product_cat","embeddable":true,"href":"https:\/\/mobiladoralentejana.com\/index.php\/wp-json\/wp\/v2\/product_cat?post=11"},{"taxonomy":"product_tag","embeddable":true,"href":"https:\/\/mobiladoralentejana.com\/index.php\/wp-json\/wp\/v2\/product_tag?post=11"}],"curies":[{"name":"wp","href":"https:\/\/api.w.org\/{rel}","templated":true}]}}