{"id":1839,"date":"2024-10-29T11:54:27","date_gmt":"2024-10-29T11:54:27","guid":{"rendered":"https:\/\/mobiladoralentejana.com\/index.php\/product\/embalagem-espuma-limpeza-multinet\/"},"modified":"2026-04-09T19:03:26","modified_gmt":"2026-04-09T18:03:26","slug":"embalagem-espuma-limpeza-multinet-multinet","status":"publish","type":"product","link":"https:\/\/mobiladoralentejana.com\/index.php\/product\/embalagem-espuma-limpeza-multinet-multinet\/","title":{"rendered":"EMBALAGEM ESPUMA LIMPEZA MULTINET"},"content":{"rendered":"<p>MULTINET \u00e9 uma espuma de limpeza activa profissional que n\u00e3o \u00e9 agressiva para as superficies. Por ser uma espuma, adere \u00e0s superficies, mesmo as verticais, permitindo mais tempo de actua\u00e7\u00e3o do produto e uma limpeza mais profunda:<br \/>Riscos nas paredes;<br \/>Manchas em superf\u00edcies;<br \/>Limpeza de bancadas;<br \/>Limpeza de fibras e lonas;<br \/>Alum\u00ednios, cromados, inox, pl\u00e1sticos&#8230;<\/p>\n","protected":false},"excerpt":{"rendered":"<p>PRODUTO MULTINET<\/p>\n","protected":false},"featured_media":1841,"comment_status":"open","ping_status":"closed","template":"","meta":[],"product_brand":[],"product_cat":[47],"product_tag":[],"class_list":{"0":"post-1839","1":"product","2":"type-product","3":"status-publish","4":"has-post-thumbnail","6":"product_cat-87-produtos-de-limpeza","8":"first","9":"instock","10":"taxable","11":"shipping-taxable","12":"purchasable","13":"product-type-simple"},"jetpack_sharing_enabled":true,"_links":{"self":[{"href":"https:\/\/mobiladoralentejana.com\/index.php\/wp-json\/wp\/v2\/product\/1839","targetHints":{"allow":["GET"]}}],"collection":[{"href":"https:\/\/mobiladoralentejana.com\/index.php\/wp-json\/wp\/v2\/product"}],"about":[{"href":"https:\/\/mobiladoralentejana.com\/index.php\/wp-json\/wp\/v2\/types\/product"}],"replies":[{"embeddable":true,"href":"https:\/\/mobiladoralentejana.com\/index.php\/wp-json\/wp\/v2\/comments?post=1839"}],"version-history":[{"count":3,"href":"https:\/\/mobiladoralentejana.com\/index.php\/wp-json\/wp\/v2\/product\/1839\/revisions"}],"predecessor-version":[{"id":34539,"href":"https:\/\/mobiladoralentejana.com\/index.php\/wp-json\/wp\/v2\/product\/1839\/revisions\/34539"}],"wp:featuredmedia":[{"embeddable":true,"href":"https:\/\/mobiladoralentejana.com\/index.php\/wp-json\/wp\/v2\/media\/1841"}],"wp:attachment":[{"href":"https:\/\/mobiladoralentejana.com\/index.php\/wp-json\/wp\/v2\/media?parent=1839"}],"wp:term":[{"taxonomy":"product_brand","embeddable":true,"href":"https:\/\/mobiladoralentejana.com\/index.php\/wp-json\/wp\/v2\/product_brand?post=1839"},{"taxonomy":"product_cat","embeddable":true,"href":"https:\/\/mobiladoralentejana.com\/index.php\/wp-json\/wp\/v2\/product_cat?post=1839"},{"taxonomy":"product_tag","embeddable":true,"href":"https:\/\/mobiladoralentejana.com\/index.php\/wp-json\/wp\/v2\/product_tag?post=1839"}],"curies":[{"name":"wp","href":"https:\/\/api.w.org\/{rel}","templated":true}]}}