{"id":34636,"date":"2026-04-09T14:40:04","date_gmt":"2026-04-09T13:40:04","guid":{"rendered":"https:\/\/mobiladoralentejana.com\/index.php\/product\/protecao-lyocel-110gr-190x150\/"},"modified":"2026-04-09T19:05:21","modified_gmt":"2026-04-09T18:05:21","slug":"protecao-lyocel-110gr-190x150-pl190150-592","status":"publish","type":"product","link":"https:\/\/mobiladoralentejana.com\/index.php\/product\/protecao-lyocel-110gr-190x150-pl190150-592\/","title":{"rendered":"PROTE\u00c7\u00c3O LYOCEL 110GR 190X150"},"content":{"rendered":"<p>Protetor de colch\u00e3o respir\u00e1vel e imperme\u00e1vel<br \/>Malha Jersey Lyocell<\/p>\n","protected":false},"excerpt":{"rendered":"<p>PROTE\u00c7\u00c3O LYOCEL 110GR 190<\/p>\n","protected":false},"featured_media":34819,"comment_status":"open","ping_status":"closed","template":"","meta":[],"product_brand":[],"product_cat":[45],"product_tag":[],"class_list":{"0":"post-34636","1":"product","2":"type-product","3":"status-publish","4":"has-post-thumbnail","6":"product_cat-54-protecao-e-resguardo","8":"first","9":"instock","10":"taxable","11":"shipping-taxable","12":"purchasable","13":"product-type-simple"},"jetpack_sharing_enabled":true,"_links":{"self":[{"href":"https:\/\/mobiladoralentejana.com\/index.php\/wp-json\/wp\/v2\/product\/34636","targetHints":{"allow":["GET"]}}],"collection":[{"href":"https:\/\/mobiladoralentejana.com\/index.php\/wp-json\/wp\/v2\/product"}],"about":[{"href":"https:\/\/mobiladoralentejana.com\/index.php\/wp-json\/wp\/v2\/types\/product"}],"replies":[{"embeddable":true,"href":"https:\/\/mobiladoralentejana.com\/index.php\/wp-json\/wp\/v2\/comments?post=34636"}],"version-history":[{"count":1,"href":"https:\/\/mobiladoralentejana.com\/index.php\/wp-json\/wp\/v2\/product\/34636\/revisions"}],"predecessor-version":[{"id":34703,"href":"https:\/\/mobiladoralentejana.com\/index.php\/wp-json\/wp\/v2\/product\/34636\/revisions\/34703"}],"wp:featuredmedia":[{"embeddable":true,"href":"https:\/\/mobiladoralentejana.com\/index.php\/wp-json\/wp\/v2\/media\/34819"}],"wp:attachment":[{"href":"https:\/\/mobiladoralentejana.com\/index.php\/wp-json\/wp\/v2\/media?parent=34636"}],"wp:term":[{"taxonomy":"product_brand","embeddable":true,"href":"https:\/\/mobiladoralentejana.com\/index.php\/wp-json\/wp\/v2\/product_brand?post=34636"},{"taxonomy":"product_cat","embeddable":true,"href":"https:\/\/mobiladoralentejana.com\/index.php\/wp-json\/wp\/v2\/product_cat?post=34636"},{"taxonomy":"product_tag","embeddable":true,"href":"https:\/\/mobiladoralentejana.com\/index.php\/wp-json\/wp\/v2\/product_tag?post=34636"}],"curies":[{"name":"wp","href":"https:\/\/api.w.org\/{rel}","templated":true}]}}